{"id":6635,"date":"2019-05-10T14:40:15","date_gmt":"2019-05-10T14:40:15","guid":{"rendered":"https:\/\/impreza.us-themes.com\/?page_id=6635"},"modified":"2025-04-03T14:56:28","modified_gmt":"2025-04-03T13:56:28","slug":"home","status":"publish","type":"page","link":"https:\/\/nexus-cargo.com\/de\/","title":{"rendered":"Startseite"},"content":{"rendered":"<section class=\"l-section wpb_row height_huge with_img\"><div class=\"l-section-img\" role=\"img\" data-img-width=\"\" data-img-height=\"\" style=\"background-image: url(https:\/\/nexus-cargo.com\/wp-content\/uploads\/2025\/01\/background-pattern-light.svg);\"><\/div><div class=\"l-section-h i-cf\"><div class=\"g-cols vc_row via_grid cols_2-3 laptops-cols_inherit tablets-cols_1 mobiles-cols_1 valign_middle type_default stacking_default\"><div class=\"wpb_column vc_column_container\"><div class=\"vc_column-inner\"><h1 class=\"w-text\"><span class=\"w-text-h\"><span class=\"w-text-value\">Ihre weltweite Frachtverbindung.<\/span><\/span><\/h1><div class=\"wpb_text_column us_custom_ea64418f\"><div class=\"wpb_wrapper\"><p>Hochwertiger, kosteng\u00fcnstiger Luft-, See- und Stra\u00dfentransport weltweit.<\/p>\n<\/div><\/div><div class=\"w-separator size_small\"><\/div><div class=\"w-btn-wrapper align_none\"><a class=\"w-btn us-btn-style_1\" href=\"https:\/\/nexus-cargo.com\/de\/about\/\"><span class=\"w-btn-label\">Mehr erfahren<\/span><\/a><\/div><\/div><\/div><div class=\"wpb_column vc_column_container\"><div class=\"vc_column-inner\"><div class=\"w-image align_none\"><div class=\"w-image-h\"><img fetchpriority=\"high\" decoding=\"async\" width=\"788\" height=\"357\" src=\"https:\/\/nexus-cargo.com\/wp-content\/uploads\/2025\/01\/hero-image.png\" class=\"attachment-full size-full\" alt=\"\" loading=\"eager\" srcset=\"https:\/\/nexus-cargo.com\/wp-content\/uploads\/2025\/01\/hero-image.png 788w, https:\/\/nexus-cargo.com\/wp-content\/uploads\/2025\/01\/hero-image-300x136.png 300w\" sizes=\"(max-width: 788px) 100vw, 788px\" \/><\/div><\/div><\/div><\/div><\/div><\/div><\/section><section class=\"l-section wpb_row us_custom_eb849559 height_custom width_custom color_alternate\" style=\"--site-content-width:820px;\"><div class=\"l-section-h i-cf\"><div class=\"g-cols vc_row via_grid cols_1 laptops-cols_inherit tablets-cols_inherit mobiles-cols_1 valign_top type_default stacking_default\"><div class=\"wpb_column vc_column_container\"><div class=\"vc_column-inner\"><h2 class=\"w-text us_custom_eb849559\"><span class=\"w-text-h\"><span class=\"w-text-value\">Umfassende Fracht- und Exportdienstleistungen<\/span><\/span><\/h2><div class=\"wpb_text_column\"><div class=\"wpb_wrapper\"><p>Nexus Cargo Handling GmbH trading as Nexus Cargo Wholesale\u2026 ist Ihr Tor zu einem globalen und wachsenden Frachtnetzwerk. Unsere Speditions-, Lager-, Frachtgro\u00dfhandels-, Handels- und Exportdienstleistungen geben Ihrem Unternehmen die Werkzeuge und die Reichweite, um Zugang zu vielf\u00e4ltigen M\u00e4rkten weltweit zu erhalten.<\/p>\n<p>Unser professionell geschultes und erfahrenes Team steht bereit, L\u00f6sungen zu liefern, die die Logistik Ihrer Wertsch\u00f6pfungskette optimieren und Ihnen helfen, mit einem gr\u00f6\u00dferen Kundenkreis Gesch\u00e4fte zu machen und gleichzeitig die Effizienz und Effektivit\u00e4t Ihrer bestehenden Betriebsabl\u00e4ufe zu verbessern.<\/p>\n<\/div><\/div><\/div><\/div><\/div><\/div><\/section><section class=\"l-section wpb_row height_custom\"><div class=\"l-section-h i-cf\"><div class=\"g-cols vc_row via_grid cols_2 laptops-cols_inherit tablets-cols_1 mobiles-cols_1 valign_top type_default stacking_default\"><div class=\"wpb_column vc_column_container\"><div class=\"vc_column-inner\"><h2 class=\"w-text\"><span class=\"w-text-h\"><span class=\"w-text-value\">Cost Effective and Time Efficient Freight Services<\/span><\/span><\/h2><div class=\"wpb_text_column\"><div class=\"wpb_wrapper\"><p>Wir m\u00f6chten eine Erfahrung bieten, die Vertrauen in die moderne Gesch\u00e4ftswelt schafft und den Erfolg von Exporteuren sichert. Wenn Ihr Unternehmen neu im Exportgesch\u00e4ft ist, ist Nexus Ihr Weg in eine Welt des Handels und Wachstums.<\/p>\n<p>Wir legen Wert auf die Beziehungen zu all unseren Kunden und sind bestrebt, die besten Logistikl\u00f6sungen effizient zu liefern. Wir sind stolz auf unseren pers\u00f6nlichen Ansatz f\u00fcr einen zuverl\u00e4ssigen und ehrlichen Service mit globaler Reichweite \u2013 ein Schl\u00fcsselelement unseres Erfolgs.<\/p>\n<p>Unsere Dienstleistungen k\u00f6nnen auf die Anforderungen Ihrer Einzelsendungen zugeschnitten werden, um h\u00f6chste Effizienz zu erzielen, oder f\u00fcr konsolidierte Massensendungen, um maximale Kosteneffizienz zu erzielen. Mit L\u00f6sungen f\u00fcr nationalen und internationalen Transport per Luft, See und Stra\u00dfe sind wir in der Lage, die Transportbedingungen aller Vertr\u00e4ge zu erf\u00fcllen.<\/p>\n<\/div><\/div><\/div><\/div><div class=\"wpb_column vc_column_container\"><div class=\"vc_column-inner\"><div class=\"w-image nc-mask align_none\"><div class=\"w-image-h\"><img decoding=\"async\" width=\"676\" height=\"464\" src=\"https:\/\/nexus-cargo.com\/wp-content\/uploads\/2025\/03\/efficient-and-cost-effective-freight-services.webp\" class=\"attachment-full size-full\" alt=\"\" loading=\"lazy\" srcset=\"https:\/\/nexus-cargo.com\/wp-content\/uploads\/2025\/03\/efficient-and-cost-effective-freight-services.webp 676w, https:\/\/nexus-cargo.com\/wp-content\/uploads\/2025\/03\/efficient-and-cost-effective-freight-services-300x206.webp 300w, https:\/\/nexus-cargo.com\/wp-content\/uploads\/2025\/03\/efficient-and-cost-effective-freight-services-18x12.webp 18w\" sizes=\"auto, (max-width: 676px) 100vw, 676px\" \/><\/div><\/div><\/div><\/div><\/div><\/div><\/section>","protected":false},"excerpt":{"rendered":"Your worldwide cargo connection.High quality, cost effective air, sea and road freight around the world. Learn moreComprehensive Freight &amp; Export ServicesNexus Cargo Wholesale is your gateway to a global and expanding freight network. Our forwarding, warehousing, freight wholesale, trade and export services will empower your business with the tools and the reach to access diverse...","protected":false},"author":1,"featured_media":0,"parent":0,"menu_order":0,"comment_status":"closed","ping_status":"closed","template":"","meta":{"footnotes":""},"class_list":["post-6635","page","type-page","status-publish","hentry"],"_links":{"self":[{"href":"https:\/\/nexus-cargo.com\/de\/wp-json\/wp\/v2\/pages\/6635","targetHints":{"allow":["GET"]}}],"collection":[{"href":"https:\/\/nexus-cargo.com\/de\/wp-json\/wp\/v2\/pages"}],"about":[{"href":"https:\/\/nexus-cargo.com\/de\/wp-json\/wp\/v2\/types\/page"}],"author":[{"embeddable":true,"href":"https:\/\/nexus-cargo.com\/de\/wp-json\/wp\/v2\/users\/1"}],"replies":[{"embeddable":true,"href":"https:\/\/nexus-cargo.com\/de\/wp-json\/wp\/v2\/comments?post=6635"}],"version-history":[{"count":38,"href":"https:\/\/nexus-cargo.com\/de\/wp-json\/wp\/v2\/pages\/6635\/revisions"}],"predecessor-version":[{"id":9264,"href":"https:\/\/nexus-cargo.com\/de\/wp-json\/wp\/v2\/pages\/6635\/revisions\/9264"}],"wp:attachment":[{"href":"https:\/\/nexus-cargo.com\/de\/wp-json\/wp\/v2\/media?parent=6635"}],"curies":[{"name":"wp","href":"https:\/\/api.w.org\/{rel}","templated":true}]}}