{"id":8972,"date":"2025-01-15T16:10:23","date_gmt":"2025-01-15T16:10:23","guid":{"rendered":"https:\/\/nexus-cargo.com\/?page_id=8972"},"modified":"2025-03-13T17:11:25","modified_gmt":"2025-03-13T17:11:25","slug":"specialist-services","status":"publish","type":"page","link":"https:\/\/nexus-cargo.com\/de\/specialist-services\/","title":{"rendered":"Spezialisierte Dienstleistungen"},"content":{"rendered":"<section class=\"l-section wpb_row height_custom\"><div class=\"l-section-h i-cf\"><div class=\"g-cols vc_row via_grid cols_2 laptops-cols_inherit tablets-cols_1 mobiles-cols_1 valign_middle type_default stacking_default\"><div class=\"wpb_column vc_column_container\"><div class=\"vc_column-inner\"><h2 class=\"w-text\"><span class=\"w-text-h\"><span class=\"w-text-value\">Fachwissen und Chancen auf dem afrikanischen Kontinent<\/span><\/span><\/h2><div class=\"wpb_text_column\"><div class=\"wpb_wrapper\"><p>Unsere kontinuierliche Zusammenarbeit mit verschiedenen Kunden und Agenturen auf dem gesamten afrikanischen Kontinent verschafft Nexus einen etablierten und kompetenten Stand in diesen schnell wachsenden M\u00e4rkten.<\/p>\n<p>Dank der M\u00f6glichkeiten des Gro\u00dfhandelsfrachtverkehrs und der M\u00f6glichkeit, T\u00fcr-zu-T\u00fcr-L\u00f6sungen zu liefern, k\u00f6nnen Sie sicher sein, dass Ihre Sendungen stets p\u00fcnktlich ankommen.<\/p>\n<\/div><\/div><\/div><\/div><div class=\"wpb_column vc_column_container\"><div class=\"vc_column-inner\"><div class=\"w-image align_none\"><div class=\"w-image-h\"><img decoding=\"async\" width=\"676\" height=\"300\" src=\"https:\/\/nexus-cargo.com\/wp-content\/uploads\/2025\/03\/expertise-and-opportunities-across-the-african-continent.webp\" class=\"attachment-full size-full\" alt=\"\" loading=\"lazy\" srcset=\"https:\/\/nexus-cargo.com\/wp-content\/uploads\/2025\/03\/expertise-and-opportunities-across-the-african-continent.webp 676w, https:\/\/nexus-cargo.com\/wp-content\/uploads\/2025\/03\/expertise-and-opportunities-across-the-african-continent-300x133.webp 300w, https:\/\/nexus-cargo.com\/wp-content\/uploads\/2025\/03\/expertise-and-opportunities-across-the-african-continent-18x8.webp 18w\" sizes=\"auto, (max-width: 676px) 100vw, 676px\" \/><\/div><\/div><\/div><\/div><\/div><\/div><\/section>","protected":false},"excerpt":{"rendered":"Expertise and Opportunities Across the African ContinentOur continued cooperation with various clients and agencies across the African continent provides Nexus with an established and knowledgeable foothold in these rapidly expanding markets. With wholesale freight opportunities and the ability to deliver door-to-door solutions, you can rest assured that your shipments will arrive on-time, every time.","protected":false},"author":1,"featured_media":0,"parent":0,"menu_order":0,"comment_status":"closed","ping_status":"closed","template":"","meta":{"footnotes":""},"class_list":["post-8972","page","type-page","status-publish","hentry"],"_links":{"self":[{"href":"https:\/\/nexus-cargo.com\/de\/wp-json\/wp\/v2\/pages\/8972","targetHints":{"allow":["GET"]}}],"collection":[{"href":"https:\/\/nexus-cargo.com\/de\/wp-json\/wp\/v2\/pages"}],"about":[{"href":"https:\/\/nexus-cargo.com\/de\/wp-json\/wp\/v2\/types\/page"}],"author":[{"embeddable":true,"href":"https:\/\/nexus-cargo.com\/de\/wp-json\/wp\/v2\/users\/1"}],"replies":[{"embeddable":true,"href":"https:\/\/nexus-cargo.com\/de\/wp-json\/wp\/v2\/comments?post=8972"}],"version-history":[{"count":9,"href":"https:\/\/nexus-cargo.com\/de\/wp-json\/wp\/v2\/pages\/8972\/revisions"}],"predecessor-version":[{"id":9236,"href":"https:\/\/nexus-cargo.com\/de\/wp-json\/wp\/v2\/pages\/8972\/revisions\/9236"}],"wp:attachment":[{"href":"https:\/\/nexus-cargo.com\/de\/wp-json\/wp\/v2\/media?parent=8972"}],"curies":[{"name":"wp","href":"https:\/\/api.w.org\/{rel}","templated":true}]}}